{"id":521,"date":"2022-09-12T09:38:57","date_gmt":"2022-09-12T09:38:57","guid":{"rendered":"https:\/\/matchedio.wpengine.com\/?page_id=521"},"modified":"2022-11-01T16:12:56","modified_gmt":"2022-11-01T16:12:56","slug":"impressum","status":"publish","type":"page","link":"https:\/\/matched.io\/de\/impressum\/","title":{"rendered":"Impressum"},"content":{"rendered":"<div data-elementor-type=\"wp-page\" data-elementor-id=\"521\" data-post-id=\"521\" data-obj-id=\"521\" class=\"elementor elementor-521 dce-elementor-post-521\" data-elementor-post-type=\"page\">\n\t\t\t\t\t\t\t\t\t<section data-dce-background-color=\"#000000\" class=\"elementor-section elementor-top-section elementor-element elementor-element-35edda2 elementor-section-boxed elementor-section-height-default elementor-section-height-default\" data-id=\"35edda2\" data-element_type=\"section\" data-settings=\"{&quot;background_background&quot;:&quot;classic&quot;}\">\n\t\t\t\t\t\t<div class=\"elementor-container elementor-column-gap-default\">\n\t\t\t\t\t<div class=\"elementor-column elementor-col-100 elementor-top-column elementor-element elementor-element-8aab2aa\" data-id=\"8aab2aa\" data-element_type=\"column\">\n\t\t\t<div class=\"elementor-widget-wrap elementor-element-populated\">\n\t\t\t\t\t\t\t\t<div class=\"elementor-element elementor-element-dc960ec elementor-widget elementor-widget-heading\" data-id=\"dc960ec\" data-element_type=\"widget\" data-widget_type=\"heading.default\">\n\t\t\t\t<div class=\"elementor-widget-container\">\n\t\t\t<style>\/*! elementor - v3.15.0 - 20-08-2023 *\/\n.elementor-heading-title{padding:0;margin:0;line-height:1}.elementor-widget-heading .elementor-heading-title[class*=elementor-size-]>a{color:inherit;font-size:inherit;line-height:inherit}.elementor-widget-heading .elementor-heading-title.elementor-size-small{font-size:15px}.elementor-widget-heading .elementor-heading-title.elementor-size-medium{font-size:19px}.elementor-widget-heading .elementor-heading-title.elementor-size-large{font-size:29px}.elementor-widget-heading .elementor-heading-title.elementor-size-xl{font-size:39px}.elementor-widget-heading .elementor-heading-title.elementor-size-xxl{font-size:59px}<\/style><h2 class=\"elementor-heading-title elementor-size-default\">Impressum<\/h2>\t\t<\/div>\n\t\t\t\t<\/div>\n\t\t\t\t\t<\/div>\n\t\t<\/div>\n\t\t\t\t\t\t\t<\/div>\n\t\t<\/section>\n\t\t\t\t<section class=\"elementor-section elementor-top-section elementor-element elementor-element-d2d6570 elementor-section-boxed elementor-section-height-default elementor-section-height-default\" data-id=\"d2d6570\" data-element_type=\"section\">\n\t\t\t\t\t\t<div class=\"elementor-container elementor-column-gap-default\">\n\t\t\t\t\t<div class=\"elementor-column elementor-col-50 elementor-top-column elementor-element elementor-element-8ca31b0\" data-id=\"8ca31b0\" data-element_type=\"column\">\n\t\t\t<div class=\"elementor-widget-wrap elementor-element-populated\">\n\t\t\t\t\t\t\t\t<div class=\"elementor-element elementor-element-537ef18 elementor-widget elementor-widget-heading\" data-id=\"537ef18\" data-element_type=\"widget\" data-widget_type=\"heading.default\">\n\t\t\t\t<div class=\"elementor-widget-container\">\n\t\t\t<h2 class=\"elementor-heading-title elementor-size-default\">\u200bAnschrift<\/h2>\t\t<\/div>\n\t\t\t\t<\/div>\n\t\t\t\t<div class=\"elementor-element elementor-element-9bbf0c3 elementor-widget elementor-widget-text-editor\" data-id=\"9bbf0c3\" data-element_type=\"widget\" data-widget_type=\"text-editor.default\">\n\t\t\t\t<div class=\"elementor-widget-container\">\n\t\t\t<style>\/*! elementor - v3.15.0 - 20-08-2023 *\/\n.elementor-widget-text-editor.elementor-drop-cap-view-stacked .elementor-drop-cap{background-color:#69727d;color:#fff}.elementor-widget-text-editor.elementor-drop-cap-view-framed .elementor-drop-cap{color:#69727d;border:3px solid;background-color:transparent}.elementor-widget-text-editor:not(.elementor-drop-cap-view-default) .elementor-drop-cap{margin-top:8px}.elementor-widget-text-editor:not(.elementor-drop-cap-view-default) .elementor-drop-cap-letter{width:1em;height:1em}.elementor-widget-text-editor .elementor-drop-cap{float:left;text-align:center;line-height:1;font-size:50px}.elementor-widget-text-editor .elementor-drop-cap-letter{display:inline-block}<\/style>\t\t\t\t<p class=\"font_7\">matched.io GmbH<\/p><p class=\"font_7\">Bei den M\u00fchren 70<\/p><p class=\"font_7\">20457 Hamburg, Germany<\/p><p class=\"font_7\">+49 (0) 40 60779070<\/p><p class=\"font_7\"><a href=\"mailto:contact@matched.io\" data-auto-recognition=\"true\">contact@matched.io<\/a><\/p>\t\t\t\t\t\t<\/div>\n\t\t\t\t<\/div>\n\t\t\t\t<div class=\"elementor-element elementor-element-ea7f001 elementor-widget elementor-widget-heading\" data-id=\"ea7f001\" data-element_type=\"widget\" data-widget_type=\"heading.default\">\n\t\t\t\t<div class=\"elementor-widget-container\">\n\t\t\t<h2 class=\"elementor-heading-title elementor-size-default\">\u200bSitz der Gesellschaft\n\n<\/h2>\t\t<\/div>\n\t\t\t\t<\/div>\n\t\t\t\t<div class=\"elementor-element elementor-element-ef1fff5 elementor-widget elementor-widget-text-editor\" data-id=\"ef1fff5\" data-element_type=\"widget\" data-widget_type=\"text-editor.default\">\n\t\t\t\t<div class=\"elementor-widget-container\">\n\t\t\t\t\t\t\t<div id=\"comp-l3ybccxr\" class=\"_1Q9if _3bcaz\" data-testid=\"richTextElement\"><p class=\"font_7\">Bei den M\u00fchren 70, 20457 Hamburg, Germany<\/p><\/div>\t\t\t\t\t\t<\/div>\n\t\t\t\t<\/div>\n\t\t\t\t\t<\/div>\n\t\t<\/div>\n\t\t\t\t<div class=\"elementor-column elementor-col-50 elementor-top-column elementor-element elementor-element-1b4ac32\" data-id=\"1b4ac32\" data-element_type=\"column\">\n\t\t\t<div class=\"elementor-widget-wrap elementor-element-populated\">\n\t\t\t\t\t\t\t\t<div class=\"elementor-element elementor-element-db2fbfa elementor-widget elementor-widget-heading\" data-id=\"db2fbfa\" data-element_type=\"widget\" data-widget_type=\"heading.default\">\n\t\t\t\t<div class=\"elementor-widget-container\">\n\t\t\t<h2 class=\"elementor-heading-title elementor-size-default\">\u200bGesch\u00e4ftsf\u00fchrer\n\n<\/h2>\t\t<\/div>\n\t\t\t\t<\/div>\n\t\t\t\t<div class=\"elementor-element elementor-element-21d239c elementor-widget elementor-widget-text-editor\" data-id=\"21d239c\" data-element_type=\"widget\" data-widget_type=\"text-editor.default\">\n\t\t\t\t<div class=\"elementor-widget-container\">\n\t\t\t\t\t\t\t<div id=\"comp-l3ybccxv\" class=\"_1Q9if _3bcaz\" data-testid=\"richTextElement\"><p class=\"font_7\">Cagdas Sayin<\/p><\/div>\t\t\t\t\t\t<\/div>\n\t\t\t\t<\/div>\n\t\t\t\t<div class=\"elementor-element elementor-element-66c5f26 elementor-widget elementor-widget-heading\" data-id=\"66c5f26\" data-element_type=\"widget\" data-widget_type=\"heading.default\">\n\t\t\t\t<div class=\"elementor-widget-container\">\n\t\t\t<h2 class=\"elementor-heading-title elementor-size-default\">\u200bGesellschaft wird vertreten durch\n\n\n<\/h2>\t\t<\/div>\n\t\t\t\t<\/div>\n\t\t\t\t<div class=\"elementor-element elementor-element-3d79d6f elementor-widget elementor-widget-text-editor\" data-id=\"3d79d6f\" data-element_type=\"widget\" data-widget_type=\"text-editor.default\">\n\t\t\t\t<div class=\"elementor-widget-container\">\n\t\t\t\t\t\t\t<div id=\"comp-l3ybccxv\" class=\"_1Q9if _3bcaz\" data-testid=\"richTextElement\"><p class=\"font_7\">Cagdas Sayin<\/p><p class=\"font_7\">Manuela Sayin<\/p><\/div>\t\t\t\t\t\t<\/div>\n\t\t\t\t<\/div>\n\t\t\t\t<div class=\"elementor-element elementor-element-fe408f3 elementor-widget elementor-widget-heading\" data-id=\"fe408f3\" data-element_type=\"widget\" data-widget_type=\"heading.default\">\n\t\t\t\t<div class=\"elementor-widget-container\">\n\t\t\t<h2 class=\"elementor-heading-title elementor-size-default\">Handelsregister\n\n\n\n\n<\/h2>\t\t<\/div>\n\t\t\t\t<\/div>\n\t\t\t\t<div class=\"elementor-element elementor-element-4e09954 elementor-widget elementor-widget-text-editor\" data-id=\"4e09954\" data-element_type=\"widget\" data-widget_type=\"text-editor.default\">\n\t\t\t\t<div class=\"elementor-widget-container\">\n\t\t\t\t\t\t\t<div id=\"comp-l3ybccxv\" class=\"_1Q9if _3bcaz\" data-testid=\"richTextElement\"><p class=\"font_7\">Amtsgericht Hamburg,<\/p><p class=\"font_7\">Handelsregister HRB 156781<\/p><p class=\"font_7\">Umsatzsteuer-ID: USt ID DE325823076<\/p><\/div>\t\t\t\t\t\t<\/div>\n\t\t\t\t<\/div>\n\t\t\t\t\t<\/div>\n\t\t<\/div>\n\t\t\t\t\t\t\t<\/div>\n\t\t<\/section>\n\t\t\t\t<section class=\"elementor-section elementor-top-section elementor-element elementor-element-4d05b56 elementor-section-boxed elementor-section-height-default elementor-section-height-default\" data-id=\"4d05b56\" data-element_type=\"section\">\n\t\t\t\t\t\t<div class=\"elementor-container elementor-column-gap-default\">\n\t\t\t\t\t<div class=\"elementor-column elementor-col-100 elementor-top-column elementor-element elementor-element-43c0427\" data-id=\"43c0427\" data-element_type=\"column\">\n\t\t\t<div class=\"elementor-widget-wrap elementor-element-populated\">\n\t\t\t\t\t\t\t\t<div class=\"elementor-element elementor-element-72142cf elementor-widget elementor-widget-heading\" data-id=\"72142cf\" data-element_type=\"widget\" data-widget_type=\"heading.default\">\n\t\t\t\t<div class=\"elementor-widget-container\">\n\t\t\t<h2 class=\"elementor-heading-title elementor-size-default\">\u200bHaftungsausschluss\n\n<\/h2>\t\t<\/div>\n\t\t\t\t<\/div>\n\t\t\t\t<div class=\"elementor-element elementor-element-207e382 elementor-widget elementor-widget-text-editor\" data-id=\"207e382\" data-element_type=\"widget\" data-widget_type=\"text-editor.default\">\n\t\t\t\t<div class=\"elementor-widget-container\">\n\t\t\t\t\t\t\t<div id=\"bgLayers_comp-l3ybcczl\" class=\"_3wnIc\" data-hook=\"bgLayers\"><div id=\"bgMedia_comp-l3ybcczl\" class=\"_2GUhU\">\u00a0<\/div><\/div><div id=\"comp-l3ybcd0k4\" class=\"_1Q9if _3bcaz\" data-testid=\"richTextElement\"><p class=\"font_7\">\u200bDie Informationen auf diesen Internet-Seiten werden regelm\u00e4\u00dfig aktualisiert. Dennoch k\u00f6nnen sich Daten trotz aller Sorgfalt inzwischen ver\u00e4ndert haben oder Fehler und Ungenauigkeiten enthalten. Eine Haftung oder Garantie f\u00fcr die Aktualit\u00e4t, Richtigkeit und Vollst\u00e4ndigkeit der zur Verf\u00fcgung gestellten Informationen kann daher nicht \u00fcbernommen werden. Dies gilt auch f\u00fcr alle anderen Internet-Seiten, auf die mittels direkten oder indirekten Verweisen (\u201cLinks\u201d) verwiesen wird. matched.io ist auch f\u00fcr den Inhalt von Internet-Seiten, die aufgrund einer solchen Verlinkung erreicht werden, nicht verantwortlich. Alle Angebote sind freibleibend und unverbindlich. matched.io beh\u00e4lt es sich ausdr\u00fccklich vor, Teile der Seiten oder das gesamte Angebot ohne gesonderte Ank\u00fcndigung zu ver\u00e4ndern, zu erg\u00e4nzen, zu l\u00f6schen oder die Ver\u00f6ffentlichung zeitweise oder endg\u00fcltig einzustellen. Inhalt und Struktur dieser Internet-Seiten sind urheberrechtlich gesch\u00fctzt. Die Vervielf\u00e4ltigung von Informationen oder Daten, insbesondere von Textteilen oder Bildmaterial bedarf der vorherigen Zustimmung des Herausgebers.<\/p><\/div>\t\t\t\t\t\t<\/div>\n\t\t\t\t<\/div>\n\t\t\t\t\t<\/div>\n\t\t<\/div>\n\t\t\t\t\t\t\t<\/div>\n\t\t<\/section>\n\t\t\t\t<section class=\"elementor-section elementor-top-section elementor-element elementor-element-fdf5188 elementor-section-full_width elementor-section-height-default elementor-section-height-default\" data-id=\"fdf5188\" data-element_type=\"section\">\n\t\t\t\t\t\t<div class=\"elementor-container elementor-column-gap-default\">\n\t\t\t\t\t<div class=\"elementor-column elementor-col-100 elementor-top-column elementor-element elementor-element-c3b49da\" data-id=\"c3b49da\" data-element_type=\"column\">\n\t\t\t<div class=\"elementor-widget-wrap elementor-element-populated\">\n\t\t\t\t\t\t\t\t<div class=\"elementor-element elementor-element-90ac8d5 elementor-widget elementor-widget-text-editor\" data-id=\"90ac8d5\" data-element_type=\"widget\" data-widget_type=\"text-editor.default\">\n\t\t\t\t<div class=\"elementor-widget-container\">\n\t\t\t\t\t\t\tIn Kooperation mit\n\t\t\t\t\t\t<\/div>\n\t\t\t\t<\/div>\n\t\t\t\t<section class=\"elementor-section elementor-inner-section elementor-element elementor-element-22c686e elementor-section-full_width elementor-section-height-default elementor-section-height-default\" data-id=\"22c686e\" data-element_type=\"section\">\n\t\t\t\t\t\t<div class=\"elementor-container elementor-column-gap-default\">\n\t\t\t\t\t<div class=\"elementor-column elementor-col-14 elementor-inner-column elementor-element elementor-element-8a758a7\" data-id=\"8a758a7\" data-element_type=\"column\">\n\t\t\t<div class=\"elementor-widget-wrap elementor-element-populated\">\n\t\t\t\t\t\t\t\t<div class=\"elementor-element elementor-element-c80434c elementor-widget elementor-widget-image\" data-id=\"c80434c\" data-element_type=\"widget\" data-widget_type=\"image.default\">\n\t\t\t\t<div class=\"elementor-widget-container\">\n\t\t\t<style>\/*! elementor - v3.15.0 - 20-08-2023 *\/\n.elementor-widget-image{text-align:center}.elementor-widget-image a{display:inline-block}.elementor-widget-image a img[src$=\".svg\"]{width:48px}.elementor-widget-image img{vertical-align:middle;display:inline-block}<\/style>\t\t\t\t\t\t\t\t\t\t\t\t<img decoding=\"async\" width=\"152\" height=\"85\" src=\"https:\/\/matched.io\/wp-content\/uploads\/2022\/08\/1cee7c_bd7877dd017f476daab873a133008a04_mv2.png\" class=\"attachment-large size-large wp-image-79\" alt=\"\" srcset=\"https:\/\/matched.io\/wp-content\/uploads\/2022\/08\/1cee7c_bd7877dd017f476daab873a133008a04_mv2.png 152w, https:\/\/matched.io\/wp-content\/uploads\/2022\/08\/1cee7c_bd7877dd017f476daab873a133008a04_mv2-150x85.png 150w\" sizes=\"(max-width: 152px) 100vw, 152px\" \/>\t\t\t\t\t\t\t\t\t\t\t\t\t\t\t<\/div>\n\t\t\t\t<\/div>\n\t\t\t\t\t<\/div>\n\t\t<\/div>\n\t\t\t\t<div class=\"elementor-column elementor-col-14 elementor-inner-column elementor-element elementor-element-cd51031\" data-id=\"cd51031\" data-element_type=\"column\">\n\t\t\t<div class=\"elementor-widget-wrap elementor-element-populated\">\n\t\t\t\t\t\t\t\t<div class=\"elementor-element elementor-element-0de0341 elementor-widget elementor-widget-image\" data-id=\"0de0341\" data-element_type=\"widget\" data-widget_type=\"image.default\">\n\t\t\t\t<div class=\"elementor-widget-container\">\n\t\t\t\t\t\t\t\t\t\t\t\t\t\t\t<img decoding=\"async\" width=\"152\" height=\"45\" src=\"https:\/\/matched.io\/wp-content\/uploads\/2022\/08\/1cee7c_5c2bf680fd534aa7960546601e5996db_mv2.png\" class=\"attachment-large size-large wp-image-80\" alt=\"\" srcset=\"https:\/\/matched.io\/wp-content\/uploads\/2022\/08\/1cee7c_5c2bf680fd534aa7960546601e5996db_mv2.png 152w, https:\/\/matched.io\/wp-content\/uploads\/2022\/08\/1cee7c_5c2bf680fd534aa7960546601e5996db_mv2-150x45.png 150w\" sizes=\"(max-width: 152px) 100vw, 152px\" \/>\t\t\t\t\t\t\t\t\t\t\t\t\t\t\t<\/div>\n\t\t\t\t<\/div>\n\t\t\t\t\t<\/div>\n\t\t<\/div>\n\t\t\t\t<div class=\"elementor-column elementor-col-14 elementor-inner-column elementor-element elementor-element-4de2d91\" data-id=\"4de2d91\" data-element_type=\"column\">\n\t\t\t<div class=\"elementor-widget-wrap elementor-element-populated\">\n\t\t\t\t\t\t\t\t<div class=\"elementor-element elementor-element-ebcfdf5 elementor-widget elementor-widget-image\" data-id=\"ebcfdf5\" data-element_type=\"widget\" data-widget_type=\"image.default\">\n\t\t\t\t<div class=\"elementor-widget-container\">\n\t\t\t\t\t\t\t\t\t\t\t\t\t\t\t<img decoding=\"async\" width=\"152\" height=\"70\" src=\"https:\/\/matched.io\/wp-content\/uploads\/2022\/08\/1cee7c_d2f4d4b5d76f46c5a57ab0fef314261a_mv2.png\" class=\"attachment-large size-large wp-image-81\" alt=\"\" srcset=\"https:\/\/matched.io\/wp-content\/uploads\/2022\/08\/1cee7c_d2f4d4b5d76f46c5a57ab0fef314261a_mv2.png 152w, https:\/\/matched.io\/wp-content\/uploads\/2022\/08\/1cee7c_d2f4d4b5d76f46c5a57ab0fef314261a_mv2-150x70.png 150w\" sizes=\"(max-width: 152px) 100vw, 152px\" \/>\t\t\t\t\t\t\t\t\t\t\t\t\t\t\t<\/div>\n\t\t\t\t<\/div>\n\t\t\t\t\t<\/div>\n\t\t<\/div>\n\t\t\t\t<div class=\"elementor-column elementor-col-14 elementor-inner-column elementor-element elementor-element-cf626ad\" data-id=\"cf626ad\" data-element_type=\"column\">\n\t\t\t<div class=\"elementor-widget-wrap elementor-element-populated\">\n\t\t\t\t\t\t\t\t<div class=\"elementor-element elementor-element-86bc7f4 elementor-widget elementor-widget-image\" data-id=\"86bc7f4\" data-element_type=\"widget\" data-widget_type=\"image.default\">\n\t\t\t\t<div class=\"elementor-widget-container\">\n\t\t\t\t\t\t\t\t\t\t\t\t\t\t\t<img decoding=\"async\" width=\"57\" height=\"57\" src=\"https:\/\/matched.io\/wp-content\/uploads\/2022\/08\/1cee7c_f0c060eaba2b4fbabfe03efb840c2ccd_mv2.png\" class=\"attachment-large size-large wp-image-82\" alt=\"\" \/>\t\t\t\t\t\t\t\t\t\t\t\t\t\t\t<\/div>\n\t\t\t\t<\/div>\n\t\t\t\t\t<\/div>\n\t\t<\/div>\n\t\t\t\t<div class=\"elementor-column elementor-col-14 elementor-inner-column elementor-element elementor-element-9b3dcfa\" data-id=\"9b3dcfa\" data-element_type=\"column\">\n\t\t\t<div class=\"elementor-widget-wrap elementor-element-populated\">\n\t\t\t\t\t\t\t\t<div class=\"elementor-element elementor-element-3650e05 elementor-widget elementor-widget-image\" data-id=\"3650e05\" data-element_type=\"widget\" data-widget_type=\"image.default\">\n\t\t\t\t<div class=\"elementor-widget-container\">\n\t\t\t\t\t\t\t\t\t\t\t\t\t\t\t<img decoding=\"async\" width=\"152\" height=\"61\" src=\"https:\/\/matched.io\/wp-content\/uploads\/2022\/08\/38f43d_afd7c9090f704e938a8661b786d6ede1_mv2.png\" class=\"attachment-large size-large wp-image-83\" alt=\"\" srcset=\"https:\/\/matched.io\/wp-content\/uploads\/2022\/08\/38f43d_afd7c9090f704e938a8661b786d6ede1_mv2.png 152w, https:\/\/matched.io\/wp-content\/uploads\/2022\/08\/38f43d_afd7c9090f704e938a8661b786d6ede1_mv2-150x61.png 150w\" sizes=\"(max-width: 152px) 100vw, 152px\" \/>\t\t\t\t\t\t\t\t\t\t\t\t\t\t\t<\/div>\n\t\t\t\t<\/div>\n\t\t\t\t\t<\/div>\n\t\t<\/div>\n\t\t\t\t<div class=\"elementor-column elementor-col-14 elementor-inner-column elementor-element elementor-element-73c797b\" data-id=\"73c797b\" data-element_type=\"column\">\n\t\t\t<div class=\"elementor-widget-wrap elementor-element-populated\">\n\t\t\t\t\t\t\t\t<div class=\"elementor-element elementor-element-4730180 elementor-widget elementor-widget-image\" data-id=\"4730180\" data-element_type=\"widget\" data-widget_type=\"image.default\">\n\t\t\t\t<div class=\"elementor-widget-container\">\n\t\t\t\t\t\t\t\t\t\t\t\t\t\t\t<img decoding=\"async\" width=\"219\" height=\"40\" src=\"https:\/\/matched.io\/wp-content\/uploads\/2022\/08\/1cee7c_3108f8b72ebc414bb3d5562b2975db8f_mv2.png\" class=\"attachment-large size-large wp-image-84\" alt=\"\" \/>\t\t\t\t\t\t\t\t\t\t\t\t\t\t\t<\/div>\n\t\t\t\t<\/div>\n\t\t\t\t\t<\/div>\n\t\t<\/div>\n\t\t\t\t<div class=\"elementor-column elementor-col-14 elementor-inner-column elementor-element elementor-element-f865c19\" data-id=\"f865c19\" data-element_type=\"column\">\n\t\t\t<div class=\"elementor-widget-wrap elementor-element-populated\">\n\t\t\t\t\t\t\t\t<div class=\"elementor-element elementor-element-0d7ae56 elementor-widget elementor-widget-image\" data-id=\"0d7ae56\" data-element_type=\"widget\" data-widget_type=\"image.default\">\n\t\t\t\t<div class=\"elementor-widget-container\">\n\t\t\t\t\t\t\t\t\t\t\t\t\t\t\t<img decoding=\"async\" width=\"152\" height=\"46\" src=\"https:\/\/matched.io\/wp-content\/uploads\/2022\/08\/1cee7c_16880571a7fc47508ffc6a100e7708fa_mv2.png\" class=\"attachment-large size-large wp-image-85\" alt=\"\" srcset=\"https:\/\/matched.io\/wp-content\/uploads\/2022\/08\/1cee7c_16880571a7fc47508ffc6a100e7708fa_mv2.png 152w, https:\/\/matched.io\/wp-content\/uploads\/2022\/08\/1cee7c_16880571a7fc47508ffc6a100e7708fa_mv2-150x46.png 150w\" sizes=\"(max-width: 152px) 100vw, 152px\" \/>\t\t\t\t\t\t\t\t\t\t\t\t\t\t\t<\/div>\n\t\t\t\t<\/div>\n\t\t\t\t\t<\/div>\n\t\t<\/div>\n\t\t\t\t\t\t\t<\/div>\n\t\t<\/section>\n\t\t\t\t\t<\/div>\n\t\t<\/div>\n\t\t\t\t\t\t\t<\/div>\n\t\t<\/section>\n\t\t\t\t\t\t\t<\/div>","protected":false},"excerpt":{"rendered":"<p>Imprint Address matched.io GmbH Bei den M\u00fchren 70 20457 Hamburg, Germany +49 (0) 40 60779070 contact@matched.io Registered Office Bei den M\u00fchren 70, 20457 Hamburg, Germany Managing Director Cagdas Sayin Company is represented by Cagdas Sayin Manuela Sayin Commercial Register Amtsgericht Hamburg, Handelsregister HRB 156781 Umsatzsteuer-ID: USt ID DE325823076 Exclusion of liability \u00a0 The information provided [&hellip;]<\/p>","protected":false},"author":1,"featured_media":0,"parent":0,"menu_order":0,"comment_status":"closed","ping_status":"closed","template":"elementor_header_footer","meta":{"footnotes":""},"class_list":["post-521","page","type-page","status-publish","hentry"],"aioseo_notices":[],"_links":{"self":[{"href":"https:\/\/matched.io\/de\/wp-json\/wp\/v2\/pages\/521","targetHints":{"allow":["GET"]}}],"collection":[{"href":"https:\/\/matched.io\/de\/wp-json\/wp\/v2\/pages"}],"about":[{"href":"https:\/\/matched.io\/de\/wp-json\/wp\/v2\/types\/page"}],"author":[{"embeddable":true,"href":"https:\/\/matched.io\/de\/wp-json\/wp\/v2\/users\/1"}],"replies":[{"embeddable":true,"href":"https:\/\/matched.io\/de\/wp-json\/wp\/v2\/comments?post=521"}],"version-history":[{"count":0,"href":"https:\/\/matched.io\/de\/wp-json\/wp\/v2\/pages\/521\/revisions"}],"wp:attachment":[{"href":"https:\/\/matched.io\/de\/wp-json\/wp\/v2\/media?parent=521"}],"curies":[{"name":"wp","href":"https:\/\/api.w.org\/{rel}","templated":true}]}}